{"id":8,"date":"2026-03-18T12:51:02","date_gmt":"2026-03-18T11:51:02","guid":{"rendered":"https:\/\/unilo-productions.com\/?page_id=8"},"modified":"2026-03-27T10:58:02","modified_gmt":"2026-03-27T09:58:02","slug":"about","status":"publish","type":"page","link":"https:\/\/unilo-productions.com\/?page_id=8","title":{"rendered":"Portfolio"},"content":{"rendered":"\n<h2 class=\"wp-block-heading has-secondary-color has-text-color has-link-color has-large-font-size wp-elements-0eed0b0eb50842e449df851b7414a879\" id=\"inspiro-is-a-digital-product-agency-that-focuses-on-strategy-and-design\" style=\"font-style:normal;font-weight:100\"><strong>Films documentaires et reportages vid\u00e9o \u00e0 impact.<\/strong><\/h2>\n\n\n\n<div style=\"height:100px\" aria-hidden=\"true\" class=\"wp-block-spacer\"><\/div>\n\n\n\n<h3 class=\"wp-block-heading has-large-font-size\" id=\"inspiro-is-a-digital-product-agency-that-focuses-on-strategy-and-desig\" style=\"font-weight:300\">Showreel<\/h3>\n\n\n\n<figure class=\"wp-block-embed is-type-video is-provider-vimeo wp-block-embed-vimeo wp-embed-aspect-16-9 wp-has-aspect-ratio\"><div class=\"wp-block-embed__wrapper\">\n<iframe loading=\"lazy\" title=\"SHOWREEL UNILO PRODUCTIONS\" src=\"https:\/\/player.vimeo.com\/video\/1174835453?dnt=1&amp;app_id=122963\" width=\"950\" height=\"534\" frameborder=\"0\" allow=\"autoplay; fullscreen; picture-in-picture; clipboard-write; encrypted-media; web-share\" referrerpolicy=\"strict-origin-when-cross-origin\"><\/iframe>\n<\/div><\/figure>\n\n\n\n<div style=\"height:100px\" aria-hidden=\"true\" class=\"wp-block-spacer\"><\/div>\n\n\n\n<p class=\"has-secondary-color has-text-color has-link-color has-large-font-size wp-elements-e4a787fcbe4761b9fa0aa30082aa8eb0\"><strong>Des films ancr\u00e9s dans le r\u00e9el pour valoriser les engagements, les territoires et les trajectoires humaines.<\/strong><\/p>\n\n\n\n<div style=\"height:100px\" aria-hidden=\"true\" class=\"wp-block-spacer\"><\/div>\n\n\n\n<div class=\"wp-block-columns alignwide is-layout-flex wp-container-core-columns-is-layout-28f84493 wp-block-columns-is-layout-flex\">\n<div class=\"wp-block-column is-layout-flow wp-block-column-is-layout-flow\">\n<figure class=\"wp-block-embed is-type-video is-provider-vimeo wp-block-embed-vimeo wp-embed-aspect-16-9 wp-has-aspect-ratio\"><div class=\"wp-block-embed__wrapper\">\n<iframe loading=\"lazy\" title=\"SALARIES EPISODE 2 &quot;Mamie&quot;GUNDO\" src=\"https:\/\/player.vimeo.com\/video\/1036725931?dnt=1&amp;app_id=122963\" width=\"950\" height=\"534\" frameborder=\"0\" allow=\"autoplay; fullscreen; picture-in-picture; clipboard-write; encrypted-media; web-share\" referrerpolicy=\"strict-origin-when-cross-origin\"><\/iframe>\n<\/div><\/figure>\n\n\n\n<p class=\"has-text-color\" style=\"color:#7a7a7a\">Le portrait de \u00ab\u00a0Mamie\u00a0\u00bb Gundo, maitresse de maison dans une MECS \u00e0 Bobigny.<\/p>\n<\/div>\n\n\n\n<div class=\"wp-block-column is-layout-flow wp-block-column-is-layout-flow\">\n<figure class=\"wp-block-embed is-type-video is-provider-vimeo wp-block-embed-vimeo wp-embed-aspect-16-9 wp-has-aspect-ratio\"><div class=\"wp-block-embed__wrapper\">\n<iframe loading=\"lazy\" title=\"La Pouponni\u00e8re de M&#039;Bour, S\u00e9n\u00e9gal\" src=\"https:\/\/player.vimeo.com\/video\/902255131?dnt=1&amp;app_id=122963\" width=\"950\" height=\"534\" frameborder=\"0\" allow=\"autoplay; fullscreen; picture-in-picture; clipboard-write; encrypted-media; web-share\" referrerpolicy=\"strict-origin-when-cross-origin\"><\/iframe>\n<\/div><\/figure>\n\n\n\n<p class=\"has-text-color\" style=\"color:#7a7a7a\">Un film de pr\u00e9sentation de la pouponni\u00e8re de M&rsquo;Bour, au S\u00e9n\u00e9gal, &nbsp;lieu d&rsquo;accueil de l&rsquo;enfant priv\u00e9 de sa maman. Elle  permet aux orphelins de vivre prot\u00e9g\u00e9s.<\/p>\n<\/div>\n\n\n\n<div class=\"wp-block-column is-layout-flow wp-block-column-is-layout-flow\">\n<figure class=\"wp-block-embed is-type-video is-provider-vimeo wp-block-embed-vimeo wp-embed-aspect-16-9 wp-has-aspect-ratio\"><div class=\"wp-block-embed__wrapper\">\n<iframe loading=\"lazy\" title=\"JEMMUKAAY DAKAR\" src=\"https:\/\/player.vimeo.com\/video\/892658362?dnt=1&amp;app_id=122963\" width=\"950\" height=\"534\" frameborder=\"0\" allow=\"autoplay; fullscreen; picture-in-picture; clipboard-write; encrypted-media; web-share\" referrerpolicy=\"strict-origin-when-cross-origin\"><\/iframe>\n<\/div><\/figure>\n\n\n\n<p class=\"has-text-color\" style=\"color:#7a7a7a\">Reportage vid\u00e9o r\u00e9alis\u00e9 pour une association, mettant en lumi\u00e8re deux jeunes lors d&rsquo;un s\u00e9jour de rupture au S\u00e9n\u00e9gal.<br><\/p>\n<\/div>\n<\/div>\n\n\n\n<div class=\"wp-block-columns alignwide is-layout-flex wp-container-core-columns-is-layout-28f84493 wp-block-columns-is-layout-flex\">\n<div class=\"wp-block-column is-layout-flow wp-block-column-is-layout-flow\">\n<figure class=\"wp-block-embed is-type-video is-provider-vimeo wp-block-embed-vimeo wp-embed-aspect-16-9 wp-has-aspect-ratio\"><div class=\"wp-block-embed__wrapper\">\n<iframe loading=\"lazy\" title=\"Pr\u00e9sentation de Aziz Essadek\" src=\"https:\/\/player.vimeo.com\/video\/896880158?dnt=1&amp;app_id=122963\" width=\"950\" height=\"534\" frameborder=\"0\" allow=\"autoplay; fullscreen; picture-in-picture; clipboard-write; encrypted-media; web-share\" referrerpolicy=\"strict-origin-when-cross-origin\"><\/iframe>\n<\/div><\/figure>\n\n\n\n<p class=\"has-text-color\" style=\"color:#7a7a7a\">Dans le cadre d&rsquo;un projet ERASMUS: \u00ab\u00a0STOP\u00a0\u00bb de sensibilisation \u00e0 l&rsquo;exploitation sexuelle des mineures, pr\u00e9sentation du travail du chercheur Aziz Essadeck.<\/p>\n<\/div>\n\n\n\n<div class=\"wp-block-column is-layout-flow wp-block-column-is-layout-flow\">\n<figure class=\"wp-block-embed is-type-video is-provider-vimeo wp-block-embed-vimeo wp-embed-aspect-16-9 wp-has-aspect-ratio\"><div class=\"wp-block-embed__wrapper\">\n<iframe loading=\"lazy\" title=\"FEMMES DU FUTUR\" src=\"https:\/\/player.vimeo.com\/video\/737542263?dnt=1&amp;app_id=122963\" width=\"950\" height=\"534\" frameborder=\"0\" allow=\"autoplay; fullscreen; picture-in-picture; clipboard-write; encrypted-media; web-share\" referrerpolicy=\"strict-origin-when-cross-origin\"><\/iframe>\n<\/div><\/figure>\n\n\n\n<p class=\"has-text-color\" style=\"color:#7a7a7a\">Un documentaire issu d&rsquo;un atelier vid\u00e9o au CHRS Merice de Paris autour d&rsquo;une question: \u00ab\u00a0vous l&rsquo;imaginez comment la femme du futur \u00a0\u00bb ?<\/p>\n<\/div>\n\n\n\n<div class=\"wp-block-column is-layout-flow wp-block-column-is-layout-flow\">\n<figure class=\"wp-block-embed is-type-video is-provider-vimeo wp-block-embed-vimeo wp-embed-aspect-16-9 wp-has-aspect-ratio\"><div class=\"wp-block-embed__wrapper\">\n<iframe loading=\"lazy\" title=\"CWW 2025 AFTER MOVIE\" src=\"https:\/\/player.vimeo.com\/video\/1131649428?dnt=1&amp;app_id=122963\" width=\"950\" height=\"534\" frameborder=\"0\" allow=\"autoplay; fullscreen; picture-in-picture; clipboard-write; encrypted-media; web-share\" referrerpolicy=\"strict-origin-when-cross-origin\"><\/iframe>\n<\/div><\/figure>\n\n\n\n<p class=\"has-text-color\" style=\"color:#7a7a7a\">CWW 2025, After Movie d&rsquo;un \u00e9v\u00e9nement sur l&rsquo;\u00e9nergie \u00e9olienne et son impact sur la biodiversit\u00e9, organis\u00e9 par BIOTOPE et FRANCE RENOUVELABLES.<\/p>\n<\/div>\n<\/div>\n\n\n\n<div class=\"wp-block-columns alignwide is-layout-flex wp-container-core-columns-is-layout-28f84493 wp-block-columns-is-layout-flex\">\n<div class=\"wp-block-column is-layout-flow wp-block-column-is-layout-flow\">\n<figure class=\"wp-block-embed is-type-video is-provider-vimeo wp-block-embed-vimeo wp-embed-aspect-16-9 wp-has-aspect-ratio\"><div class=\"wp-block-embed__wrapper\">\n<iframe loading=\"lazy\" title=\"CNE 2024\" src=\"https:\/\/player.vimeo.com\/video\/1035155795?dnt=1&amp;app_id=122963\" width=\"950\" height=\"534\" frameborder=\"0\" allow=\"autoplay; fullscreen; picture-in-picture; clipboard-write; encrypted-media; web-share\" referrerpolicy=\"strict-origin-when-cross-origin\"><\/iframe>\n<\/div><\/figure>\n\n\n\n<p class=\"has-text-color\" style=\"color:#7a7a7a\">CNE 2024, After Movie d&rsquo;un \u00e9v\u00e8nement r\u00e9unissant 3 000 participants pour partager leurs exp\u00e9riences et leurs solutions autour de la transition \u00e9cologique.<\/p>\n<\/div>\n\n\n\n<div class=\"wp-block-column is-layout-flow wp-block-column-is-layout-flow\">\n<figure class=\"wp-block-embed is-type-video is-provider-vimeo wp-block-embed-vimeo wp-embed-aspect-16-9 wp-has-aspect-ratio\"><div class=\"wp-block-embed__wrapper\">\n<iframe loading=\"lazy\" title=\"PROJET DOCUMENTAIRE &quot;FRAGILES&quot; EXTRAIT 3\" src=\"https:\/\/player.vimeo.com\/video\/1001892057?dnt=1&amp;app_id=122963\" width=\"950\" height=\"534\" frameborder=\"0\" allow=\"autoplay; fullscreen; picture-in-picture; clipboard-write; encrypted-media; web-share\" referrerpolicy=\"strict-origin-when-cross-origin\"><\/iframe>\n<\/div><\/figure>\n\n\n\n<p class=\"has-text-color\" style=\"color:#7a7a7a\">Un extrait du documentaire \u00ab\u00a0FRAGILES\u00a0\u00bb : des \u00e9ducateurs d&rsquo;une MECS entour\u00e9e d&rsquo;une psychologue se forme au sujet de l&rsquo;exploitation sexuelle des mineurs.<\/p>\n<\/div>\n\n\n\n<div class=\"wp-block-column is-layout-flow wp-block-column-is-layout-flow\">\n<figure class=\"wp-block-embed is-type-video is-provider-vimeo wp-block-embed-vimeo wp-embed-aspect-16-9 wp-has-aspect-ratio\"><div class=\"wp-block-embed__wrapper\">\n<iframe loading=\"lazy\" title=\"GESTION DU PORT DE GIROLATA\" src=\"https:\/\/player.vimeo.com\/video\/244213306?dnt=1&amp;app_id=122963\" width=\"950\" height=\"534\" frameborder=\"0\" allow=\"autoplay; fullscreen; picture-in-picture; clipboard-write; encrypted-media; web-share\" referrerpolicy=\"strict-origin-when-cross-origin\"><\/iframe>\n<\/div><\/figure>\n\n\n\n<p class=\"has-text-color\" style=\"color:#7a7a7a\">Un extrait du documentaire \u00ab\u00a0Patrimoine en partage\u00a0\u00bb sur le golfe de Porto en Corse, et la gestion du port de Girolata.<\/p>\n<\/div>\n<\/div>\n\n\n\n<div class=\"wp-block-columns alignwide is-layout-flex wp-container-core-columns-is-layout-28f84493 wp-block-columns-is-layout-flex\">\n<div class=\"wp-block-column is-layout-flow wp-block-column-is-layout-flow\">\n<figure class=\"wp-block-embed is-type-video is-provider-vimeo wp-block-embed-vimeo wp-embed-aspect-16-9 wp-has-aspect-ratio\"><div class=\"wp-block-embed__wrapper\">\n<iframe loading=\"lazy\" title=\"AFTER MOVIE SSIDAY CISE ESSEC\" src=\"https:\/\/player.vimeo.com\/video\/1030696265?dnt=1&amp;app_id=122963\" width=\"950\" height=\"534\" frameborder=\"0\" allow=\"autoplay; fullscreen; picture-in-picture; clipboard-write; encrypted-media; web-share\" referrerpolicy=\"strict-origin-when-cross-origin\"><\/iframe>\n<\/div><\/figure>\n\n\n\n<p class=\"has-text-color\" style=\"color:#7a7a7a\">After Movie du SSIDAY organis\u00e9 par le CISE: le centre d&rsquo;innovation social et \u00e9cologique de l&rsquo;ESSEC.<\/p>\n<\/div>\n\n\n\n<div class=\"wp-block-column is-layout-flow wp-block-column-is-layout-flow\">\n<figure class=\"wp-block-embed is-type-video is-provider-vimeo wp-block-embed-vimeo wp-embed-aspect-16-9 wp-has-aspect-ratio\"><div class=\"wp-block-embed__wrapper\">\n<iframe loading=\"lazy\" title=\"LE FONCTIONNEMENT DE NEHEMIE\" src=\"https:\/\/player.vimeo.com\/video\/805535030?dnt=1&amp;app_id=122963\" width=\"950\" height=\"534\" frameborder=\"0\" allow=\"autoplay; fullscreen; picture-in-picture; clipboard-write; encrypted-media; web-share\" referrerpolicy=\"strict-origin-when-cross-origin\"><\/iframe>\n<\/div><\/figure>\n\n\n\n<p class=\"has-text-color\" style=\"color:#7a7a7a\">Un film de pr\u00e9sentation de la soci\u00e9t\u00e9 N\u00e9h\u00e9mie, qui s&rsquo;occupe de s\u00e9jours en famille d&rsquo;accueils pour des enfants plac\u00e9s par l&rsquo;ASE.<\/p>\n<\/div>\n\n\n\n<div class=\"wp-block-column is-layout-flow wp-block-column-is-layout-flow\">\n<figure class=\"wp-block-embed is-type-video is-provider-vimeo wp-block-embed-vimeo wp-embed-aspect-16-9 wp-has-aspect-ratio\"><div class=\"wp-block-embed__wrapper\">\n<iframe loading=\"lazy\" title=\"ANTROPIA DEMO DAY ANTROPIA ESSEC 2023 FINANCEURS\" src=\"https:\/\/player.vimeo.com\/video\/834753042?dnt=1&amp;app_id=122963\" width=\"950\" height=\"534\" frameborder=\"0\" allow=\"autoplay; fullscreen; picture-in-picture; clipboard-write; encrypted-media; web-share\" referrerpolicy=\"strict-origin-when-cross-origin\"><\/iframe>\n<\/div><\/figure>\n\n\n\n<p class=\"has-text-color\" style=\"color:#7a7a7a\">After Movie du D\u00e9mo Day d&rsquo;ANTROPIA ESSEC, une journ\u00e9e d&rsquo;\u00e9changes entre entrepreneurs et financeurs \u00e0 impact.<\/p>\n<\/div>\n<\/div>\n\n\n\n<div style=\"height:100px\" aria-hidden=\"true\" class=\"wp-block-spacer\"><\/div>\n\n\n\n<p class=\"has-secondary-color has-text-color has-link-color has-medium-font-size wp-elements-203fddc534e25c06554e9927681d4b28\"><strong>PLUS DE VID\u00c9OS SUR NOTRE CHAINE YOU TUBE<\/strong><\/p>\n\n\n\n<figure class=\"wp-block-image size-full is-resized\"><a href=\"https:\/\/www.youtube.com\/@UNILOPRODUCTIONS\"><img loading=\"lazy\" decoding=\"async\" width=\"640\" height=\"443\" src=\"https:\/\/unilo-productions.com\/wp-content\/uploads\/2026\/03\/Youtube-impact-logo.png\" alt=\"\" class=\"wp-image-362\" style=\"aspect-ratio:1.4447685478757133;width:115px;height:auto\" srcset=\"https:\/\/unilo-productions.com\/wp-content\/uploads\/2026\/03\/Youtube-impact-logo.png 640w, https:\/\/unilo-productions.com\/wp-content\/uploads\/2026\/03\/Youtube-impact-logo-300x208.png 300w\" sizes=\"auto, (max-width: 640px) 100vw, 640px\" \/><\/a><\/figure>\n\n\n\n<div style=\"height:15px\" aria-hidden=\"true\" class=\"wp-block-spacer\"><\/div>\n\n\n\n<div class=\"wp-block-cover alignfull\" style=\"padding-top:50px;padding-right:50px;padding-bottom:50px;padding-left:50px;min-height:316px;aspect-ratio:unset;\"><img loading=\"lazy\" decoding=\"async\" width=\"1024\" height=\"284\" class=\"wp-block-cover__image-background wp-image-42 size-large\" alt=\"\" src=\"https:\/\/unilo-productions.com\/wp-content\/uploads\/2026\/03\/BANNIERE-LINKEDIN_blank-1024x284.png\" data-object-fit=\"cover\" srcset=\"https:\/\/unilo-productions.com\/wp-content\/uploads\/2026\/03\/BANNIERE-LINKEDIN_blank-1024x284.png 1024w, https:\/\/unilo-productions.com\/wp-content\/uploads\/2026\/03\/BANNIERE-LINKEDIN_blank-300x83.png 300w, https:\/\/unilo-productions.com\/wp-content\/uploads\/2026\/03\/BANNIERE-LINKEDIN_blank-1536x426.png 1536w, https:\/\/unilo-productions.com\/wp-content\/uploads\/2026\/03\/BANNIERE-LINKEDIN_blank-600x166.png 600w, https:\/\/unilo-productions.com\/wp-content\/uploads\/2026\/03\/BANNIERE-LINKEDIN_blank-1200x333.png 1200w, https:\/\/unilo-productions.com\/wp-content\/uploads\/2026\/03\/BANNIERE-LINKEDIN_blank.png 1644w\" sizes=\"auto, (max-width: 1024px) 100vw, 1024px\" \/><span aria-hidden=\"true\" class=\"wp-block-cover__background has-background-dim\" style=\"background-color:#6e6b6c\"><\/span><div class=\"wp-block-cover__inner-container is-layout-flow wp-block-cover-is-layout-flow\">\n<div class=\"wp-block-columns are-vertically-aligned-center is-layout-flex wp-container-core-columns-is-layout-28f84493 wp-block-columns-is-layout-flex\">\n<div class=\"wp-block-column is-vertically-aligned-center is-layout-flow wp-block-column-is-layout-flow\" style=\"padding-top:20px;padding-right:0px;padding-bottom:20px;padding-left:0px\">\n<div class=\"wp-block-group is-content-justification-space-between is-nowrap is-layout-flex wp-container-core-group-is-layout-bb3dfb5c wp-block-group-is-layout-flex\">\n<div class=\"wp-block-group is-layout-flow wp-block-group-is-layout-flow\">\n<p class=\"has-text-align-center has-white-color has-text-color\" style=\"font-size:clamp(14px, 0.875rem + ((1vw - 3.2px) * 0.354), 18px);line-height:1\"><\/p>\n<\/div>\n<\/div>\n<\/div>\n\n\n\n<div class=\"wp-block-column is-vertically-aligned-center is-layout-flow wp-block-column-is-layout-flow\" style=\"padding-top:20px;padding-right:0px;padding-bottom:20px;padding-left:0px\">\n<div class=\"wp-block-group is-content-justification-space-between is-nowrap is-layout-flex wp-container-core-group-is-layout-bb3dfb5c wp-block-group-is-layout-flex\">\n<div class=\"wp-block-group is-layout-flow wp-block-group-is-layout-flow\">\n<p class=\"has-text-align-center has-white-color has-text-color\" style=\"font-size:clamp(14px, 0.875rem + ((1vw - 3.2px) * 0.354), 18px);line-height:1\"><\/p>\n<\/div>\n<\/div>\n<\/div>\n\n\n\n<div class=\"wp-block-column is-vertically-aligned-center is-layout-flow wp-block-column-is-layout-flow\" style=\"padding-top:20px;padding-right:0px;padding-bottom:20px;padding-left:0px\">\n<div class=\"wp-block-group is-content-justification-space-between is-nowrap is-layout-flex wp-container-core-group-is-layout-bb3dfb5c wp-block-group-is-layout-flex\">\n<div class=\"wp-block-group is-layout-flow wp-block-group-is-layout-flow\">\n<p class=\"has-text-align-center has-white-color has-text-color\" style=\"font-size:clamp(14px, 0.875rem + ((1vw - 3.2px) * 0.354), 18px);line-height:1\"><\/p>\n<\/div>\n<\/div>\n<\/div>\n<\/div>\n<\/div><\/div>\n","protected":false},"excerpt":{"rendered":"<p>Films documentaires et reportages vid\u00e9o \u00e0 impact. Showreel Des films ancr\u00e9s dans le r\u00e9el pour valoriser les engagements, les territoires et les trajectoires humaines. Le portrait de \u00ab\u00a0Mamie\u00a0\u00bb Gundo, maitresse de maison dans une MECS \u00e0 Bobigny. Un film de pr\u00e9sentation de la pouponni\u00e8re de M&rsquo;Bour, au S\u00e9n\u00e9gal, &nbsp;lieu d&rsquo;accueil de l&rsquo;enfant priv\u00e9 de sa &hellip; <\/p>\n<p class=\"link-more\"><a href=\"https:\/\/unilo-productions.com\/?page_id=8\" class=\"more-link\">Lire la suite de<span class=\"screen-reader-text\">\u00ab\u00a0Portfolio\u00a0\u00bb<\/span><\/a><\/p>\n","protected":false},"author":1,"featured_media":42,"parent":0,"menu_order":0,"comment_status":"closed","ping_status":"closed","template":"","meta":{"inspiro_hide_title":false,"footnotes":""},"class_list":["post-8","page","type-page","status-publish","has-post-thumbnail","hentry"],"featured_media_urls":{"thumbnail":["https:\/\/unilo-productions.com\/wp-content\/uploads\/2026\/03\/BANNIERE-LINKEDIN_blank-150x150.png",150,150,true],"medium":["https:\/\/unilo-productions.com\/wp-content\/uploads\/2026\/03\/BANNIERE-LINKEDIN_blank-300x83.png",300,83,true],"medium_large":["https:\/\/unilo-productions.com\/wp-content\/uploads\/2026\/03\/BANNIERE-LINKEDIN_blank.png",768,213,false],"large":["https:\/\/unilo-productions.com\/wp-content\/uploads\/2026\/03\/BANNIERE-LINKEDIN_blank-1024x284.png",950,263,true],"1536x1536":["https:\/\/unilo-productions.com\/wp-content\/uploads\/2026\/03\/BANNIERE-LINKEDIN_blank-1536x426.png",1536,426,true],"2048x2048":["https:\/\/unilo-productions.com\/wp-content\/uploads\/2026\/03\/BANNIERE-LINKEDIN_blank.png",1644,456,false],"inspiro-featured-image":["https:\/\/unilo-productions.com\/wp-content\/uploads\/2026\/03\/BANNIERE-LINKEDIN_blank.png",1644,456,false],"inspiro-loop":["https:\/\/unilo-productions.com\/wp-content\/uploads\/2026\/03\/BANNIERE-LINKEDIN_blank-950x320.png",950,320,true],"inspiro-loop@2x":["https:\/\/unilo-productions.com\/wp-content\/uploads\/2026\/03\/BANNIERE-LINKEDIN_blank.png",1644,456,false],"portfolio_item-thumbnail":["https:\/\/unilo-productions.com\/wp-content\/uploads\/2026\/03\/BANNIERE-LINKEDIN_blank-600x400.png",600,400,true],"portfolio_item-thumbnail@2x":["https:\/\/unilo-productions.com\/wp-content\/uploads\/2026\/03\/BANNIERE-LINKEDIN_blank-1200x456.png",1200,456,true],"portfolio_item-masonry":["https:\/\/unilo-productions.com\/wp-content\/uploads\/2026\/03\/BANNIERE-LINKEDIN_blank-600x166.png",600,166,true],"portfolio_item-masonry@2x":["https:\/\/unilo-productions.com\/wp-content\/uploads\/2026\/03\/BANNIERE-LINKEDIN_blank-1200x333.png",1200,333,true],"portfolio_item-thumbnail_cinema":["https:\/\/unilo-productions.com\/wp-content\/uploads\/2026\/03\/BANNIERE-LINKEDIN_blank-800x335.png",800,335,true],"portfolio_item-thumbnail_portrait":["https:\/\/unilo-productions.com\/wp-content\/uploads\/2026\/03\/BANNIERE-LINKEDIN_blank-600x456.png",600,456,true],"portfolio_item-thumbnail_portrait@2x":["https:\/\/unilo-productions.com\/wp-content\/uploads\/2026\/03\/BANNIERE-LINKEDIN_blank-1200x456.png",1200,456,true],"portfolio_item-thumbnail_square":["https:\/\/unilo-productions.com\/wp-content\/uploads\/2026\/03\/BANNIERE-LINKEDIN_blank-800x456.png",800,456,true]},"_links":{"self":[{"href":"https:\/\/unilo-productions.com\/index.php?rest_route=\/wp\/v2\/pages\/8","targetHints":{"allow":["GET"]}}],"collection":[{"href":"https:\/\/unilo-productions.com\/index.php?rest_route=\/wp\/v2\/pages"}],"about":[{"href":"https:\/\/unilo-productions.com\/index.php?rest_route=\/wp\/v2\/types\/page"}],"author":[{"embeddable":true,"href":"https:\/\/unilo-productions.com\/index.php?rest_route=\/wp\/v2\/users\/1"}],"replies":[{"embeddable":true,"href":"https:\/\/unilo-productions.com\/index.php?rest_route=%2Fwp%2Fv2%2Fcomments&post=8"}],"version-history":[{"count":47,"href":"https:\/\/unilo-productions.com\/index.php?rest_route=\/wp\/v2\/pages\/8\/revisions"}],"predecessor-version":[{"id":365,"href":"https:\/\/unilo-productions.com\/index.php?rest_route=\/wp\/v2\/pages\/8\/revisions\/365"}],"wp:featuredmedia":[{"embeddable":true,"href":"https:\/\/unilo-productions.com\/index.php?rest_route=\/wp\/v2\/media\/42"}],"wp:attachment":[{"href":"https:\/\/unilo-productions.com\/index.php?rest_route=%2Fwp%2Fv2%2Fmedia&parent=8"}],"curies":[{"name":"wp","href":"https:\/\/api.w.org\/{rel}","templated":true}]}}